{"id":4141,"date":"2023-09-29T17:08:26","date_gmt":"2023-09-29T17:08:26","guid":{"rendered":"https:\/\/www.gundogdukoken.com\/urun\/mature-harvest-extra-virgin-olive-oil-2-lt-pet-bottle\/"},"modified":"2022-01-04T21:05:03","modified_gmt":"2022-01-04T21:05:03","slug":"everyday-extra-virgin-olive-oil-2lt","status":"publish","type":"product","link":"https:\/\/www.gundogdukoken.com\/en\/product\/everyday-extra-virgin-olive-oil-2lt\/","title":{"rendered":"Everyday Extra Virgin Olive Oil 2 Lt"},"content":{"rendered":"","protected":false},"excerpt":{"rendered":"<p>Late harvest olive oil is obtained by the ripened olives which are harvested during November-December. The olives are handpicked, extracted in the same day, bottled without touching and they are only exposed to mechanical processes.<\/p>\n<p>Compared to early harvest olive oil, late harvest olive oil has a higher acidity with has a mild aroma and a smooth flavor.<\/p>\n<p>Late harvested olive oil, protects the body against many cardiovascular diseases by regulating the cholesterol ratio in the blood; can also be used as a medicine for certain diseases such as diabetes, gastritis and ulcers.<\/p>\n<p>You can use our late harvest extra virgin olive oil, which is produced completely naturally in our facility, in all your meals to boost your health and delight.<\/p>\n<p><strong>Terms of Use:<\/strong><\/p>\n<style>.porto-info-list6c31a765bb0ad3faae98fa77663c91cc i { color: #21293c;font-size: 16px; }<\/style><ul class=\"porto-info-list pl-4 porto-info-list6c31a765bb0ad3faae98fa77663c91cc wpb_custom_a8283160c59238d5e464cd213570c9f4\"><li class=\"porto-info-list-item  wpb_custom_205edc6de9e53bd4458e8a5265d85879\"><i class=\"porto-info-icon fa fa-check-circle\"><\/i><div class=\"porto-info-list-item-desc\">It should be consumed within 24 months from the date of manufacture.<\/div><\/li> <li class=\"porto-info-list-item  wpb_custom_205edc6de9e53bd4458e8a5265d85879\"><i class=\"porto-info-icon fa fa-check-circle\"><\/i><div class=\"porto-info-list-item-desc\">It should be stored in a dark and cool place away from sunlight.<\/div><\/li> <li class=\"porto-info-list-item  wpb_custom_205edc6de9e53bd4458e8a5265d85879\"><i class=\"porto-info-icon fa fa-check-circle\"><\/i><div class=\"porto-info-list-item-desc\">Contact with air should be minimized by not leaving the lid open for a long time.<\/div><\/li><\/ul>\n","protected":false},"featured_media":3650,"template":"","meta":{"_joinchat":[]},"product_brand":[],"product_cat":[103],"product_tag":[],"class_list":{"0":"post-4141","1":"product","2":"type-product","3":"status-publish","4":"has-post-thumbnail","6":"product_cat-oliveoil","8":"first","9":"instock","10":"taxable","11":"shipping-taxable","12":"purchasable","13":"product-type-simple"},"yoast_head":"<!-- This site is optimized with the Yoast SEO plugin v26.6 - https:\/\/yoast.com\/wordpress\/plugins\/seo\/ -->\n<title>Everyday Extra Virgin Olive Oil 2 Lt - G\u00fcndo\u011fdu K\u00f6ken<\/title>\n<meta name=\"description\" content=\"Harvested from fully matured olives - will boost your kitchen with it&#039;s mild aroma, moderate acidity (0.8%), aromatic smell and smooth flavor.\" \/>\n<meta name=\"robots\" content=\"index, follow, max-snippet:-1, max-image-preview:large, max-video-preview:-1\" \/>\n<link rel=\"canonical\" href=\"https:\/\/www.gundogdukoken.com\/en\/product\/everyday-extra-virgin-olive-oil-2lt\/\" \/>\n<meta property=\"og:locale\" content=\"en_US\" \/>\n<meta property=\"og:type\" content=\"article\" \/>\n<meta property=\"og:title\" content=\"Everyday Extra Virgin Olive Oil 2 Lt - G\u00fcndo\u011fdu K\u00f6ken\" \/>\n<meta property=\"og:description\" content=\"Harvested from fully matured olives - will boost your kitchen with it&#039;s mild aroma, moderate acidity (0.8%), aromatic smell and smooth flavor.\" \/>\n<meta property=\"og:url\" content=\"https:\/\/www.gundogdukoken.com\/en\/product\/everyday-extra-virgin-olive-oil-2lt\/\" \/>\n<meta property=\"og:site_name\" content=\"G\u00fcndo\u011fdu K\u00f6ken\" \/>\n<meta property=\"og:image\" content=\"https:\/\/www.gundogdukoken.com\/wp-content\/uploads\/2021\/09\/Olgun-Hasat-2lt-Pet.jpg\" \/>\n\t<meta property=\"og:image:width\" content=\"900\" \/>\n\t<meta property=\"og:image:height\" content=\"900\" \/>\n\t<meta property=\"og:image:type\" content=\"image\/jpeg\" \/>\n<meta name=\"twitter:card\" content=\"summary_large_image\" \/>\n<script type=\"application\/ld+json\" class=\"yoast-schema-graph\">{\"@context\":\"https:\/\/schema.org\",\"@graph\":[{\"@type\":\"WebPage\",\"@id\":\"https:\/\/www.gundogdukoken.com\/en\/product\/everyday-extra-virgin-olive-oil-2lt\/\",\"url\":\"https:\/\/www.gundogdukoken.com\/en\/product\/everyday-extra-virgin-olive-oil-2lt\/\",\"name\":\"Everyday Extra Virgin Olive Oil 2 Lt - G\u00fcndo\u011fdu K\u00f6ken\",\"isPartOf\":{\"@id\":\"https:\/\/www.gundogdukoken.com\/#website\"},\"primaryImageOfPage\":{\"@id\":\"https:\/\/www.gundogdukoken.com\/en\/product\/everyday-extra-virgin-olive-oil-2lt\/#primaryimage\"},\"image\":{\"@id\":\"https:\/\/www.gundogdukoken.com\/en\/product\/everyday-extra-virgin-olive-oil-2lt\/#primaryimage\"},\"thumbnailUrl\":\"https:\/\/www.gundogdukoken.com\/wp-content\/uploads\/2021\/09\/Olgun-Hasat-2lt-Pet.jpg\",\"datePublished\":\"2023-09-29T17:08:26+00:00\",\"description\":\"Harvested from fully matured olives - will boost your kitchen with it's mild aroma, moderate acidity (0.8%), aromatic smell and smooth flavor.\",\"breadcrumb\":{\"@id\":\"https:\/\/www.gundogdukoken.com\/en\/product\/everyday-extra-virgin-olive-oil-2lt\/#breadcrumb\"},\"inLanguage\":\"en-US\",\"potentialAction\":[{\"@type\":\"ReadAction\",\"target\":[\"https:\/\/www.gundogdukoken.com\/en\/product\/everyday-extra-virgin-olive-oil-2lt\/\"]}]},{\"@type\":\"ImageObject\",\"inLanguage\":\"en-US\",\"@id\":\"https:\/\/www.gundogdukoken.com\/en\/product\/everyday-extra-virgin-olive-oil-2lt\/#primaryimage\",\"url\":\"https:\/\/www.gundogdukoken.com\/wp-content\/uploads\/2021\/09\/Olgun-Hasat-2lt-Pet.jpg\",\"contentUrl\":\"https:\/\/www.gundogdukoken.com\/wp-content\/uploads\/2021\/09\/Olgun-Hasat-2lt-Pet.jpg\",\"width\":900,\"height\":900,\"caption\":\"Mature Harvest Extra Virgin Olive Oil 2 Lt Pet Bottle\"},{\"@type\":\"BreadcrumbList\",\"@id\":\"https:\/\/www.gundogdukoken.com\/en\/product\/everyday-extra-virgin-olive-oil-2lt\/#breadcrumb\",\"itemListElement\":[{\"@type\":\"ListItem\",\"position\":1,\"name\":\"Anasayfa\",\"item\":\"https:\/\/www.gundogdukoken.com\/en\/\"},{\"@type\":\"ListItem\",\"position\":2,\"name\":\"Our products\",\"item\":\"https:\/\/www.gundogdukoken.com\/en\/products\/\"},{\"@type\":\"ListItem\",\"position\":3,\"name\":\"Everyday Extra Virgin Olive Oil 2 Lt\"}]},{\"@type\":\"WebSite\",\"@id\":\"https:\/\/www.gundogdukoken.com\/#website\",\"url\":\"https:\/\/www.gundogdukoken.com\/\",\"name\":\"G\u00fcndo\u011fdu K\u00f6ken\",\"description\":\"Naturel S\u0131zma Zeytinya\u011f\u0131\",\"publisher\":{\"@id\":\"https:\/\/www.gundogdukoken.com\/#organization\"},\"potentialAction\":[{\"@type\":\"SearchAction\",\"target\":{\"@type\":\"EntryPoint\",\"urlTemplate\":\"https:\/\/www.gundogdukoken.com\/?s={search_term_string}\"},\"query-input\":{\"@type\":\"PropertyValueSpecification\",\"valueRequired\":true,\"valueName\":\"search_term_string\"}}],\"inLanguage\":\"en-US\"},{\"@type\":\"Organization\",\"@id\":\"https:\/\/www.gundogdukoken.com\/#organization\",\"name\":\"G\u00fcndo\u011fdu K\u00f6ken\",\"url\":\"https:\/\/www.gundogdukoken.com\/\",\"logo\":{\"@type\":\"ImageObject\",\"inLanguage\":\"en-US\",\"@id\":\"https:\/\/www.gundogdukoken.com\/#\/schema\/logo\/image\/\",\"url\":\"https:\/\/www.gundogdukoken.com\/wp-content\/uploads\/2021\/09\/Gundogdu-Koken-Logo-1000x388-1.png\",\"contentUrl\":\"https:\/\/www.gundogdukoken.com\/wp-content\/uploads\/2021\/09\/Gundogdu-Koken-Logo-1000x388-1.png\",\"width\":1000,\"height\":388,\"caption\":\"G\u00fcndo\u011fdu K\u00f6ken\"},\"image\":{\"@id\":\"https:\/\/www.gundogdukoken.com\/#\/schema\/logo\/image\/\"}}]}<\/script>\n<!-- \/ Yoast SEO plugin. -->","yoast_head_json":{"title":"Everyday Extra Virgin Olive Oil 2 Lt - G\u00fcndo\u011fdu K\u00f6ken","description":"Harvested from fully matured olives - will boost your kitchen with it's mild aroma, moderate acidity (0.8%), aromatic smell and smooth flavor.","robots":{"index":"index","follow":"follow","max-snippet":"max-snippet:-1","max-image-preview":"max-image-preview:large","max-video-preview":"max-video-preview:-1"},"canonical":"https:\/\/www.gundogdukoken.com\/en\/product\/everyday-extra-virgin-olive-oil-2lt\/","og_locale":"en_US","og_type":"article","og_title":"Everyday Extra Virgin Olive Oil 2 Lt - G\u00fcndo\u011fdu K\u00f6ken","og_description":"Harvested from fully matured olives - will boost your kitchen with it's mild aroma, moderate acidity (0.8%), aromatic smell and smooth flavor.","og_url":"https:\/\/www.gundogdukoken.com\/en\/product\/everyday-extra-virgin-olive-oil-2lt\/","og_site_name":"G\u00fcndo\u011fdu K\u00f6ken","og_image":[{"width":900,"height":900,"url":"https:\/\/www.gundogdukoken.com\/wp-content\/uploads\/2021\/09\/Olgun-Hasat-2lt-Pet.jpg","type":"image\/jpeg"}],"twitter_card":"summary_large_image","schema":{"@context":"https:\/\/schema.org","@graph":[{"@type":"WebPage","@id":"https:\/\/www.gundogdukoken.com\/en\/product\/everyday-extra-virgin-olive-oil-2lt\/","url":"https:\/\/www.gundogdukoken.com\/en\/product\/everyday-extra-virgin-olive-oil-2lt\/","name":"Everyday Extra Virgin Olive Oil 2 Lt - G\u00fcndo\u011fdu K\u00f6ken","isPartOf":{"@id":"https:\/\/www.gundogdukoken.com\/#website"},"primaryImageOfPage":{"@id":"https:\/\/www.gundogdukoken.com\/en\/product\/everyday-extra-virgin-olive-oil-2lt\/#primaryimage"},"image":{"@id":"https:\/\/www.gundogdukoken.com\/en\/product\/everyday-extra-virgin-olive-oil-2lt\/#primaryimage"},"thumbnailUrl":"https:\/\/www.gundogdukoken.com\/wp-content\/uploads\/2021\/09\/Olgun-Hasat-2lt-Pet.jpg","datePublished":"2023-09-29T17:08:26+00:00","description":"Harvested from fully matured olives - will boost your kitchen with it's mild aroma, moderate acidity (0.8%), aromatic smell and smooth flavor.","breadcrumb":{"@id":"https:\/\/www.gundogdukoken.com\/en\/product\/everyday-extra-virgin-olive-oil-2lt\/#breadcrumb"},"inLanguage":"en-US","potentialAction":[{"@type":"ReadAction","target":["https:\/\/www.gundogdukoken.com\/en\/product\/everyday-extra-virgin-olive-oil-2lt\/"]}]},{"@type":"ImageObject","inLanguage":"en-US","@id":"https:\/\/www.gundogdukoken.com\/en\/product\/everyday-extra-virgin-olive-oil-2lt\/#primaryimage","url":"https:\/\/www.gundogdukoken.com\/wp-content\/uploads\/2021\/09\/Olgun-Hasat-2lt-Pet.jpg","contentUrl":"https:\/\/www.gundogdukoken.com\/wp-content\/uploads\/2021\/09\/Olgun-Hasat-2lt-Pet.jpg","width":900,"height":900,"caption":"Mature Harvest Extra Virgin Olive Oil 2 Lt Pet Bottle"},{"@type":"BreadcrumbList","@id":"https:\/\/www.gundogdukoken.com\/en\/product\/everyday-extra-virgin-olive-oil-2lt\/#breadcrumb","itemListElement":[{"@type":"ListItem","position":1,"name":"Anasayfa","item":"https:\/\/www.gundogdukoken.com\/en\/"},{"@type":"ListItem","position":2,"name":"Our products","item":"https:\/\/www.gundogdukoken.com\/en\/products\/"},{"@type":"ListItem","position":3,"name":"Everyday Extra Virgin Olive Oil 2 Lt"}]},{"@type":"WebSite","@id":"https:\/\/www.gundogdukoken.com\/#website","url":"https:\/\/www.gundogdukoken.com\/","name":"G\u00fcndo\u011fdu K\u00f6ken","description":"Naturel S\u0131zma Zeytinya\u011f\u0131","publisher":{"@id":"https:\/\/www.gundogdukoken.com\/#organization"},"potentialAction":[{"@type":"SearchAction","target":{"@type":"EntryPoint","urlTemplate":"https:\/\/www.gundogdukoken.com\/?s={search_term_string}"},"query-input":{"@type":"PropertyValueSpecification","valueRequired":true,"valueName":"search_term_string"}}],"inLanguage":"en-US"},{"@type":"Organization","@id":"https:\/\/www.gundogdukoken.com\/#organization","name":"G\u00fcndo\u011fdu K\u00f6ken","url":"https:\/\/www.gundogdukoken.com\/","logo":{"@type":"ImageObject","inLanguage":"en-US","@id":"https:\/\/www.gundogdukoken.com\/#\/schema\/logo\/image\/","url":"https:\/\/www.gundogdukoken.com\/wp-content\/uploads\/2021\/09\/Gundogdu-Koken-Logo-1000x388-1.png","contentUrl":"https:\/\/www.gundogdukoken.com\/wp-content\/uploads\/2021\/09\/Gundogdu-Koken-Logo-1000x388-1.png","width":1000,"height":388,"caption":"G\u00fcndo\u011fdu K\u00f6ken"},"image":{"@id":"https:\/\/www.gundogdukoken.com\/#\/schema\/logo\/image\/"}}]}},"_links":{"self":[{"href":"https:\/\/www.gundogdukoken.com\/en\/wp-json\/wp\/v2\/product\/4141","targetHints":{"allow":["GET"]}}],"collection":[{"href":"https:\/\/www.gundogdukoken.com\/en\/wp-json\/wp\/v2\/product"}],"about":[{"href":"https:\/\/www.gundogdukoken.com\/en\/wp-json\/wp\/v2\/types\/product"}],"wp:featuredmedia":[{"embeddable":true,"href":"https:\/\/www.gundogdukoken.com\/en\/wp-json\/wp\/v2\/media\/3650"}],"wp:attachment":[{"href":"https:\/\/www.gundogdukoken.com\/en\/wp-json\/wp\/v2\/media?parent=4141"}],"wp:term":[{"taxonomy":"product_brand","embeddable":true,"href":"https:\/\/www.gundogdukoken.com\/en\/wp-json\/wp\/v2\/product_brand?post=4141"},{"taxonomy":"product_cat","embeddable":true,"href":"https:\/\/www.gundogdukoken.com\/en\/wp-json\/wp\/v2\/product_cat?post=4141"},{"taxonomy":"product_tag","embeddable":true,"href":"https:\/\/www.gundogdukoken.com\/en\/wp-json\/wp\/v2\/product_tag?post=4141"}],"curies":[{"name":"wp","href":"https:\/\/api.w.org\/{rel}","templated":true}]}}