{"id":4139,"date":"2023-09-30T17:25:41","date_gmt":"2023-09-30T17:25:41","guid":{"rendered":"https:\/\/www.gundogdukoken.com\/urun\/gundogdu-root-flavor-package-special-offer\/"},"modified":"2022-01-04T20:58:44","modified_gmt":"2022-01-04T20:58:44","slug":"koken-taste-bundle","status":"publish","type":"product","link":"https:\/\/www.gundogdukoken.com\/en\/product\/koken-taste-bundle\/","title":{"rendered":"Koken Taste Bundle"},"content":{"rendered":"","protected":false},"excerpt":{"rendered":"<p>K\u00f6ken Taste Bundle: Your introduction to taste &amp; health.<\/p>\n<p><strong>Package Contents:<\/strong> \u201cTaste Bundle\u201d consisting of <a href=\"https:\/\/www.gundogdukoken.com\/urun\/erken-hasat-zeytinyagi-750ml-cam-sise\/\" target=\"_blank\" rel=\"noopener\">Premium Extra Virgin Olive Oil 750ml Decorative Glass<\/a> + <a href=\"https:\/\/www.gundogdukoken.com\/urun\/olgun-hasat-zeytinyagi-2lt-pet-sise\/\" target=\"_blank\" rel=\"noopener\">Everyday Extra Virgin Olive Oil 5 Lt Tin<\/a>\u00a0+ <a href=\"https:\/\/www.gundogdukoken.com\/urun\/elyapimi-zeytinyagi-sabunu\/\" target=\"_blank\" rel=\"noopener\">Handmade Olive Oil Soap<\/a><\/p>\n<p><strong>Everyday Extra Virgin Olive Oil:<\/strong> Late harvest olive oil is obtained by the ripened olives which are harvested during November-December. The olives are handpicked, extracted in the same day, bottled without touching and they are only exposed to mechanical processes. You can use our late harvest extra virgin olive oil, which is produced completely naturally in our facility, in all your meals to boost your health and delight.<\/p>\n<p><strong>Early Harvest Cold Pressed Extra Virgin Olive Oil:<\/strong> A very valuable olive oil obtained by extracting the olives when they are not fully ripe which are harvested at the end of September &#8211; the beginning of October. We are strongly recommending this precious olive oil; with it&#8217;s high aroma, low acidity (0.3 &#8211; 0.5%), fresh smell and unique taste, it will boost your breakfasts, salads, cold appetizers and all other kitchen wonders.<\/p>\n<p><strong>Handmade Olive Oil Soap:<\/strong> Produced by traditional methods using only our own olive oil, there are no additives in our olive oil soaps. Pure and fully natural; suitable for all skin types for hand &amp; full body cleaning.<\/p>\n","protected":false},"featured_media":3657,"template":"","meta":{"_joinchat":[]},"product_brand":[],"product_cat":[112,103],"product_tag":[],"class_list":{"0":"post-4139","1":"product","2":"type-product","3":"status-publish","4":"has-post-thumbnail","6":"product_cat-soap","7":"product_cat-oliveoil","9":"first","10":"instock","11":"sale","12":"taxable","13":"shipping-taxable","14":"purchasable","15":"product-type-simple"},"yoast_head":"<!-- This site is optimized with the Yoast SEO plugin v26.6 - https:\/\/yoast.com\/wordpress\/plugins\/seo\/ -->\n<title>Koken Taste Bundle<\/title>\n<meta name=\"description\" content=\"Add quality and nutrition to your kitchen &amp; dining table. K\u00f6ken Taste Bundle: Your introduction to taste &amp; health.\" \/>\n<meta name=\"robots\" content=\"index, follow, max-snippet:-1, max-image-preview:large, max-video-preview:-1\" \/>\n<link rel=\"canonical\" href=\"https:\/\/www.gundogdukoken.com\/en\/product\/koken-taste-bundle\/\" \/>\n<meta property=\"og:locale\" content=\"en_US\" \/>\n<meta property=\"og:type\" content=\"article\" \/>\n<meta property=\"og:title\" content=\"Koken Taste Bundle\" \/>\n<meta property=\"og:description\" content=\"Add quality and nutrition to your kitchen &amp; dining table. K\u00f6ken Taste Bundle: Your introduction to taste &amp; health.\" \/>\n<meta property=\"og:url\" content=\"https:\/\/www.gundogdukoken.com\/en\/product\/koken-taste-bundle\/\" \/>\n<meta property=\"og:site_name\" content=\"G\u00fcndo\u011fdu K\u00f6ken\" \/>\n<meta property=\"og:image\" content=\"https:\/\/www.gundogdukoken.com\/wp-content\/uploads\/2021\/09\/bundle-1-tanisma.jpg\" \/>\n\t<meta property=\"og:image:width\" content=\"900\" \/>\n\t<meta property=\"og:image:height\" content=\"900\" \/>\n\t<meta property=\"og:image:type\" content=\"image\/jpeg\" \/>\n<meta name=\"twitter:card\" content=\"summary_large_image\" \/>\n<script type=\"application\/ld+json\" class=\"yoast-schema-graph\">{\"@context\":\"https:\/\/schema.org\",\"@graph\":[{\"@type\":\"WebPage\",\"@id\":\"https:\/\/www.gundogdukoken.com\/en\/product\/koken-taste-bundle\/\",\"url\":\"https:\/\/www.gundogdukoken.com\/en\/product\/koken-taste-bundle\/\",\"name\":\"Koken Taste Bundle\",\"isPartOf\":{\"@id\":\"https:\/\/www.gundogdukoken.com\/#website\"},\"primaryImageOfPage\":{\"@id\":\"https:\/\/www.gundogdukoken.com\/en\/product\/koken-taste-bundle\/#primaryimage\"},\"image\":{\"@id\":\"https:\/\/www.gundogdukoken.com\/en\/product\/koken-taste-bundle\/#primaryimage\"},\"thumbnailUrl\":\"https:\/\/www.gundogdukoken.com\/wp-content\/uploads\/2021\/09\/bundle-1-tanisma.jpg\",\"datePublished\":\"2023-09-30T17:25:41+00:00\",\"description\":\"Add quality and nutrition to your kitchen & dining table. K\u00f6ken Taste Bundle: Your introduction to taste & health.\",\"breadcrumb\":{\"@id\":\"https:\/\/www.gundogdukoken.com\/en\/product\/koken-taste-bundle\/#breadcrumb\"},\"inLanguage\":\"en-US\",\"potentialAction\":[{\"@type\":\"ReadAction\",\"target\":[\"https:\/\/www.gundogdukoken.com\/en\/product\/koken-taste-bundle\/\"]}]},{\"@type\":\"ImageObject\",\"inLanguage\":\"en-US\",\"@id\":\"https:\/\/www.gundogdukoken.com\/en\/product\/koken-taste-bundle\/#primaryimage\",\"url\":\"https:\/\/www.gundogdukoken.com\/wp-content\/uploads\/2021\/09\/bundle-1-tanisma.jpg\",\"contentUrl\":\"https:\/\/www.gundogdukoken.com\/wp-content\/uploads\/2021\/09\/bundle-1-tanisma.jpg\",\"width\":900,\"height\":900,\"caption\":\"Gundogdu Origin Flavor Package\"},{\"@type\":\"BreadcrumbList\",\"@id\":\"https:\/\/www.gundogdukoken.com\/en\/product\/koken-taste-bundle\/#breadcrumb\",\"itemListElement\":[{\"@type\":\"ListItem\",\"position\":1,\"name\":\"Anasayfa\",\"item\":\"https:\/\/www.gundogdukoken.com\/en\/\"},{\"@type\":\"ListItem\",\"position\":2,\"name\":\"Our products\",\"item\":\"https:\/\/www.gundogdukoken.com\/en\/products\/\"},{\"@type\":\"ListItem\",\"position\":3,\"name\":\"Koken Taste Bundle\"}]},{\"@type\":\"WebSite\",\"@id\":\"https:\/\/www.gundogdukoken.com\/#website\",\"url\":\"https:\/\/www.gundogdukoken.com\/\",\"name\":\"G\u00fcndo\u011fdu K\u00f6ken\",\"description\":\"Naturel S\u0131zma Zeytinya\u011f\u0131\",\"publisher\":{\"@id\":\"https:\/\/www.gundogdukoken.com\/#organization\"},\"potentialAction\":[{\"@type\":\"SearchAction\",\"target\":{\"@type\":\"EntryPoint\",\"urlTemplate\":\"https:\/\/www.gundogdukoken.com\/?s={search_term_string}\"},\"query-input\":{\"@type\":\"PropertyValueSpecification\",\"valueRequired\":true,\"valueName\":\"search_term_string\"}}],\"inLanguage\":\"en-US\"},{\"@type\":\"Organization\",\"@id\":\"https:\/\/www.gundogdukoken.com\/#organization\",\"name\":\"G\u00fcndo\u011fdu K\u00f6ken\",\"url\":\"https:\/\/www.gundogdukoken.com\/\",\"logo\":{\"@type\":\"ImageObject\",\"inLanguage\":\"en-US\",\"@id\":\"https:\/\/www.gundogdukoken.com\/#\/schema\/logo\/image\/\",\"url\":\"https:\/\/www.gundogdukoken.com\/wp-content\/uploads\/2021\/09\/Gundogdu-Koken-Logo-1000x388-1.png\",\"contentUrl\":\"https:\/\/www.gundogdukoken.com\/wp-content\/uploads\/2021\/09\/Gundogdu-Koken-Logo-1000x388-1.png\",\"width\":1000,\"height\":388,\"caption\":\"G\u00fcndo\u011fdu K\u00f6ken\"},\"image\":{\"@id\":\"https:\/\/www.gundogdukoken.com\/#\/schema\/logo\/image\/\"}}]}<\/script>\n<!-- \/ Yoast SEO plugin. -->","yoast_head_json":{"title":"Koken Taste Bundle","description":"Add quality and nutrition to your kitchen & dining table. K\u00f6ken Taste Bundle: Your introduction to taste & health.","robots":{"index":"index","follow":"follow","max-snippet":"max-snippet:-1","max-image-preview":"max-image-preview:large","max-video-preview":"max-video-preview:-1"},"canonical":"https:\/\/www.gundogdukoken.com\/en\/product\/koken-taste-bundle\/","og_locale":"en_US","og_type":"article","og_title":"Koken Taste Bundle","og_description":"Add quality and nutrition to your kitchen & dining table. K\u00f6ken Taste Bundle: Your introduction to taste & health.","og_url":"https:\/\/www.gundogdukoken.com\/en\/product\/koken-taste-bundle\/","og_site_name":"G\u00fcndo\u011fdu K\u00f6ken","og_image":[{"width":900,"height":900,"url":"https:\/\/www.gundogdukoken.com\/wp-content\/uploads\/2021\/09\/bundle-1-tanisma.jpg","type":"image\/jpeg"}],"twitter_card":"summary_large_image","schema":{"@context":"https:\/\/schema.org","@graph":[{"@type":"WebPage","@id":"https:\/\/www.gundogdukoken.com\/en\/product\/koken-taste-bundle\/","url":"https:\/\/www.gundogdukoken.com\/en\/product\/koken-taste-bundle\/","name":"Koken Taste Bundle","isPartOf":{"@id":"https:\/\/www.gundogdukoken.com\/#website"},"primaryImageOfPage":{"@id":"https:\/\/www.gundogdukoken.com\/en\/product\/koken-taste-bundle\/#primaryimage"},"image":{"@id":"https:\/\/www.gundogdukoken.com\/en\/product\/koken-taste-bundle\/#primaryimage"},"thumbnailUrl":"https:\/\/www.gundogdukoken.com\/wp-content\/uploads\/2021\/09\/bundle-1-tanisma.jpg","datePublished":"2023-09-30T17:25:41+00:00","description":"Add quality and nutrition to your kitchen & dining table. K\u00f6ken Taste Bundle: Your introduction to taste & health.","breadcrumb":{"@id":"https:\/\/www.gundogdukoken.com\/en\/product\/koken-taste-bundle\/#breadcrumb"},"inLanguage":"en-US","potentialAction":[{"@type":"ReadAction","target":["https:\/\/www.gundogdukoken.com\/en\/product\/koken-taste-bundle\/"]}]},{"@type":"ImageObject","inLanguage":"en-US","@id":"https:\/\/www.gundogdukoken.com\/en\/product\/koken-taste-bundle\/#primaryimage","url":"https:\/\/www.gundogdukoken.com\/wp-content\/uploads\/2021\/09\/bundle-1-tanisma.jpg","contentUrl":"https:\/\/www.gundogdukoken.com\/wp-content\/uploads\/2021\/09\/bundle-1-tanisma.jpg","width":900,"height":900,"caption":"Gundogdu Origin Flavor Package"},{"@type":"BreadcrumbList","@id":"https:\/\/www.gundogdukoken.com\/en\/product\/koken-taste-bundle\/#breadcrumb","itemListElement":[{"@type":"ListItem","position":1,"name":"Anasayfa","item":"https:\/\/www.gundogdukoken.com\/en\/"},{"@type":"ListItem","position":2,"name":"Our products","item":"https:\/\/www.gundogdukoken.com\/en\/products\/"},{"@type":"ListItem","position":3,"name":"Koken Taste Bundle"}]},{"@type":"WebSite","@id":"https:\/\/www.gundogdukoken.com\/#website","url":"https:\/\/www.gundogdukoken.com\/","name":"G\u00fcndo\u011fdu K\u00f6ken","description":"Naturel S\u0131zma Zeytinya\u011f\u0131","publisher":{"@id":"https:\/\/www.gundogdukoken.com\/#organization"},"potentialAction":[{"@type":"SearchAction","target":{"@type":"EntryPoint","urlTemplate":"https:\/\/www.gundogdukoken.com\/?s={search_term_string}"},"query-input":{"@type":"PropertyValueSpecification","valueRequired":true,"valueName":"search_term_string"}}],"inLanguage":"en-US"},{"@type":"Organization","@id":"https:\/\/www.gundogdukoken.com\/#organization","name":"G\u00fcndo\u011fdu K\u00f6ken","url":"https:\/\/www.gundogdukoken.com\/","logo":{"@type":"ImageObject","inLanguage":"en-US","@id":"https:\/\/www.gundogdukoken.com\/#\/schema\/logo\/image\/","url":"https:\/\/www.gundogdukoken.com\/wp-content\/uploads\/2021\/09\/Gundogdu-Koken-Logo-1000x388-1.png","contentUrl":"https:\/\/www.gundogdukoken.com\/wp-content\/uploads\/2021\/09\/Gundogdu-Koken-Logo-1000x388-1.png","width":1000,"height":388,"caption":"G\u00fcndo\u011fdu K\u00f6ken"},"image":{"@id":"https:\/\/www.gundogdukoken.com\/#\/schema\/logo\/image\/"}}]}},"_links":{"self":[{"href":"https:\/\/www.gundogdukoken.com\/en\/wp-json\/wp\/v2\/product\/4139","targetHints":{"allow":["GET"]}}],"collection":[{"href":"https:\/\/www.gundogdukoken.com\/en\/wp-json\/wp\/v2\/product"}],"about":[{"href":"https:\/\/www.gundogdukoken.com\/en\/wp-json\/wp\/v2\/types\/product"}],"wp:featuredmedia":[{"embeddable":true,"href":"https:\/\/www.gundogdukoken.com\/en\/wp-json\/wp\/v2\/media\/3657"}],"wp:attachment":[{"href":"https:\/\/www.gundogdukoken.com\/en\/wp-json\/wp\/v2\/media?parent=4139"}],"wp:term":[{"taxonomy":"product_brand","embeddable":true,"href":"https:\/\/www.gundogdukoken.com\/en\/wp-json\/wp\/v2\/product_brand?post=4139"},{"taxonomy":"product_cat","embeddable":true,"href":"https:\/\/www.gundogdukoken.com\/en\/wp-json\/wp\/v2\/product_cat?post=4139"},{"taxonomy":"product_tag","embeddable":true,"href":"https:\/\/www.gundogdukoken.com\/en\/wp-json\/wp\/v2\/product_tag?post=4139"}],"curies":[{"name":"wp","href":"https:\/\/api.w.org\/{rel}","templated":true}]}}