{"id":4136,"date":"2023-10-04T12:32:58","date_gmt":"2023-10-04T12:32:58","guid":{"rendered":"https:\/\/www.gundogdukoken.com\/urun\/early-harvest-cold-pressed-extra-virgin-olive-oil-5-lt\/"},"modified":"2022-01-04T20:15:09","modified_gmt":"2022-01-04T20:15:09","slug":"premium-extra-virgin-olive-oil-5lt-tin","status":"publish","type":"product","link":"https:\/\/www.gundogdukoken.com\/en\/product\/premium-extra-virgin-olive-oil-5lt-tin\/","title":{"rendered":"Premium Extra Virgin Olive Oil 5 Lt Tin"},"content":{"rendered":"","protected":false},"excerpt":{"rendered":"<p>Early harvest olive oil can be obtained by extracting the olives when they are not fully ripe which are harvested at the end of September &#8211; the beginning of October and it is highly valuable.<\/p>\n<p>Early harvesting enhances the polyphenol content of the obtained olive oil. Polyphenols, like all other phenolic compounds, have antioxidant properties which are highly beneficial for our health by protecting the body from environmental pollution and prevent damaging the body in a cellular level.<\/p>\n<p>The cold pressing process is conducted in order not to damage or lose the polyphenol content of the olives during extraction. During the extraction of the olives, the temperature of the environment they are in is set as 25-26 \u00b0C.<\/p>\n<p>We are strongly recommending this precious olive oil; with it&#8217;s high aroma, low acidity (0.3 &#8211; 0.5%), fresh smell and unique taste, it will boost your breakfasts, salads, cold appetizers and all other kitchen wonders.<\/p>\n<p><strong>Terms of Use:<\/strong><\/p>\n<style>.porto-info-list6c31a765bb0ad3faae98fa77663c91cc i { color: #21293c;font-size: 16px; }<\/style><ul class=\"porto-info-list pl-4 porto-info-list6c31a765bb0ad3faae98fa77663c91cc wpb_custom_a8283160c59238d5e464cd213570c9f4\"><li class=\"porto-info-list-item  wpb_custom_205edc6de9e53bd4458e8a5265d85879\"><i class=\"porto-info-icon fa fa-check-circle\"><\/i><div class=\"porto-info-list-item-desc\">It should be consumed within 24 months from the date of manufacture.<\/div><\/li> <li class=\"porto-info-list-item  wpb_custom_205edc6de9e53bd4458e8a5265d85879\"><i class=\"porto-info-icon fa fa-check-circle\"><\/i><div class=\"porto-info-list-item-desc\">It should be stored in a dark and cool place away from sunlight.<\/div><\/li> <li class=\"porto-info-list-item  wpb_custom_205edc6de9e53bd4458e8a5265d85879\"><i class=\"porto-info-icon fa fa-check-circle\"><\/i><div class=\"porto-info-list-item-desc\">Contact with air should be minimized by not leaving the lid open for a long time.<\/div><\/li><\/ul>\n","protected":false},"featured_media":3381,"template":"","meta":{"_joinchat":[]},"product_brand":[],"product_cat":[103],"product_tag":[],"class_list":{"0":"post-4136","1":"product","2":"type-product","3":"status-publish","4":"has-post-thumbnail","6":"product_cat-oliveoil","8":"first","9":"instock","10":"taxable","11":"shipping-taxable","12":"purchasable","13":"product-type-simple"},"yoast_head":"<!-- This site is optimized with the Yoast SEO plugin v26.6 - https:\/\/yoast.com\/wordpress\/plugins\/seo\/ -->\n<title>Premium Extra Virgin Olive Oil 5 Lt Tin - G\u00fcndo\u011fdu K\u00f6ken<\/title>\n<meta name=\"description\" content=\"Early harvested &amp; cold pressed olive oil with high aroma, low acidity (0.3 - 0.5%), fresh smell and unique taste.\" \/>\n<meta name=\"robots\" content=\"index, follow, max-snippet:-1, max-image-preview:large, max-video-preview:-1\" \/>\n<link rel=\"canonical\" href=\"https:\/\/www.gundogdukoken.com\/product\/erken-hasat-soguk-sikim-zeytinyagi-5lt\/\" \/>\n<meta property=\"og:locale\" content=\"en_US\" \/>\n<meta property=\"og:type\" content=\"article\" \/>\n<meta property=\"og:title\" content=\"Premium Extra Virgin Olive Oil 5 Lt Tin - G\u00fcndo\u011fdu K\u00f6ken\" \/>\n<meta property=\"og:description\" content=\"Early harvested &amp; cold pressed olive oil with high aroma, low acidity (0.3 - 0.5%), fresh smell and unique taste.\" \/>\n<meta property=\"og:url\" content=\"https:\/\/www.gundogdukoken.com\/product\/erken-hasat-soguk-sikim-zeytinyagi-5lt\/\" \/>\n<meta property=\"og:site_name\" content=\"G\u00fcndo\u011fdu K\u00f6ken\" \/>\n<meta property=\"og:image\" content=\"https:\/\/www.gundogdukoken.com\/wp-content\/uploads\/2021\/08\/gundogdukoken-erkenhasat-soguksikim-5lt.jpg\" \/>\n\t<meta property=\"og:image:width\" content=\"900\" \/>\n\t<meta property=\"og:image:height\" content=\"900\" \/>\n\t<meta property=\"og:image:type\" content=\"image\/jpeg\" \/>\n<meta name=\"twitter:card\" content=\"summary_large_image\" \/>\n<script type=\"application\/ld+json\" class=\"yoast-schema-graph\">{\"@context\":\"https:\/\/schema.org\",\"@graph\":[{\"@type\":\"WebPage\",\"@id\":\"https:\/\/www.gundogdukoken.com\/product\/erken-hasat-soguk-sikim-zeytinyagi-5lt\/\",\"url\":\"https:\/\/www.gundogdukoken.com\/product\/erken-hasat-soguk-sikim-zeytinyagi-5lt\/\",\"name\":\"Premium Extra Virgin Olive Oil 5 Lt Tin - G\u00fcndo\u011fdu K\u00f6ken\",\"isPartOf\":{\"@id\":\"https:\/\/www.gundogdukoken.com\/#website\"},\"primaryImageOfPage\":{\"@id\":\"https:\/\/www.gundogdukoken.com\/product\/erken-hasat-soguk-sikim-zeytinyagi-5lt\/#primaryimage\"},\"image\":{\"@id\":\"https:\/\/www.gundogdukoken.com\/product\/erken-hasat-soguk-sikim-zeytinyagi-5lt\/#primaryimage\"},\"thumbnailUrl\":\"https:\/\/www.gundogdukoken.com\/wp-content\/uploads\/2021\/08\/gundogdukoken-erkenhasat-soguksikim-5lt.jpg\",\"datePublished\":\"2023-10-04T12:32:58+00:00\",\"description\":\"Early harvested & cold pressed olive oil with high aroma, low acidity (0.3 - 0.5%), fresh smell and unique taste.\",\"breadcrumb\":{\"@id\":\"https:\/\/www.gundogdukoken.com\/product\/erken-hasat-soguk-sikim-zeytinyagi-5lt\/#breadcrumb\"},\"inLanguage\":\"en-US\",\"potentialAction\":[{\"@type\":\"ReadAction\",\"target\":[\"https:\/\/www.gundogdukoken.com\/product\/erken-hasat-soguk-sikim-zeytinyagi-5lt\/\"]}]},{\"@type\":\"ImageObject\",\"inLanguage\":\"en-US\",\"@id\":\"https:\/\/www.gundogdukoken.com\/product\/erken-hasat-soguk-sikim-zeytinyagi-5lt\/#primaryimage\",\"url\":\"https:\/\/www.gundogdukoken.com\/wp-content\/uploads\/2021\/08\/gundogdukoken-erkenhasat-soguksikim-5lt.jpg\",\"contentUrl\":\"https:\/\/www.gundogdukoken.com\/wp-content\/uploads\/2021\/08\/gundogdukoken-erkenhasat-soguksikim-5lt.jpg\",\"width\":900,\"height\":900,\"caption\":\"Early Harvest Cold Pressed Extra Virgin Olive Oil\"},{\"@type\":\"BreadcrumbList\",\"@id\":\"https:\/\/www.gundogdukoken.com\/product\/erken-hasat-soguk-sikim-zeytinyagi-5lt\/#breadcrumb\",\"itemListElement\":[{\"@type\":\"ListItem\",\"position\":1,\"name\":\"Anasayfa\",\"item\":\"https:\/\/www.gundogdukoken.com\/en\/\"},{\"@type\":\"ListItem\",\"position\":2,\"name\":\"Our products\",\"item\":\"https:\/\/www.gundogdukoken.com\/en\/products\/\"},{\"@type\":\"ListItem\",\"position\":3,\"name\":\"Premium Extra Virgin Olive Oil 5 Lt Tin\"}]},{\"@type\":\"WebSite\",\"@id\":\"https:\/\/www.gundogdukoken.com\/#website\",\"url\":\"https:\/\/www.gundogdukoken.com\/\",\"name\":\"G\u00fcndo\u011fdu K\u00f6ken\",\"description\":\"Naturel S\u0131zma Zeytinya\u011f\u0131\",\"publisher\":{\"@id\":\"https:\/\/www.gundogdukoken.com\/#organization\"},\"potentialAction\":[{\"@type\":\"SearchAction\",\"target\":{\"@type\":\"EntryPoint\",\"urlTemplate\":\"https:\/\/www.gundogdukoken.com\/?s={search_term_string}\"},\"query-input\":{\"@type\":\"PropertyValueSpecification\",\"valueRequired\":true,\"valueName\":\"search_term_string\"}}],\"inLanguage\":\"en-US\"},{\"@type\":\"Organization\",\"@id\":\"https:\/\/www.gundogdukoken.com\/#organization\",\"name\":\"G\u00fcndo\u011fdu K\u00f6ken\",\"url\":\"https:\/\/www.gundogdukoken.com\/\",\"logo\":{\"@type\":\"ImageObject\",\"inLanguage\":\"en-US\",\"@id\":\"https:\/\/www.gundogdukoken.com\/#\/schema\/logo\/image\/\",\"url\":\"https:\/\/www.gundogdukoken.com\/wp-content\/uploads\/2021\/09\/Gundogdu-Koken-Logo-1000x388-1.png\",\"contentUrl\":\"https:\/\/www.gundogdukoken.com\/wp-content\/uploads\/2021\/09\/Gundogdu-Koken-Logo-1000x388-1.png\",\"width\":1000,\"height\":388,\"caption\":\"G\u00fcndo\u011fdu K\u00f6ken\"},\"image\":{\"@id\":\"https:\/\/www.gundogdukoken.com\/#\/schema\/logo\/image\/\"}}]}<\/script>\n<!-- \/ Yoast SEO plugin. -->","yoast_head_json":{"title":"Premium Extra Virgin Olive Oil 5 Lt Tin - G\u00fcndo\u011fdu K\u00f6ken","description":"Early harvested & cold pressed olive oil with high aroma, low acidity (0.3 - 0.5%), fresh smell and unique taste.","robots":{"index":"index","follow":"follow","max-snippet":"max-snippet:-1","max-image-preview":"max-image-preview:large","max-video-preview":"max-video-preview:-1"},"canonical":"https:\/\/www.gundogdukoken.com\/product\/erken-hasat-soguk-sikim-zeytinyagi-5lt\/","og_locale":"en_US","og_type":"article","og_title":"Premium Extra Virgin Olive Oil 5 Lt Tin - G\u00fcndo\u011fdu K\u00f6ken","og_description":"Early harvested & cold pressed olive oil with high aroma, low acidity (0.3 - 0.5%), fresh smell and unique taste.","og_url":"https:\/\/www.gundogdukoken.com\/product\/erken-hasat-soguk-sikim-zeytinyagi-5lt\/","og_site_name":"G\u00fcndo\u011fdu K\u00f6ken","og_image":[{"width":900,"height":900,"url":"https:\/\/www.gundogdukoken.com\/wp-content\/uploads\/2021\/08\/gundogdukoken-erkenhasat-soguksikim-5lt.jpg","type":"image\/jpeg"}],"twitter_card":"summary_large_image","schema":{"@context":"https:\/\/schema.org","@graph":[{"@type":"WebPage","@id":"https:\/\/www.gundogdukoken.com\/product\/erken-hasat-soguk-sikim-zeytinyagi-5lt\/","url":"https:\/\/www.gundogdukoken.com\/product\/erken-hasat-soguk-sikim-zeytinyagi-5lt\/","name":"Premium Extra Virgin Olive Oil 5 Lt Tin - G\u00fcndo\u011fdu K\u00f6ken","isPartOf":{"@id":"https:\/\/www.gundogdukoken.com\/#website"},"primaryImageOfPage":{"@id":"https:\/\/www.gundogdukoken.com\/product\/erken-hasat-soguk-sikim-zeytinyagi-5lt\/#primaryimage"},"image":{"@id":"https:\/\/www.gundogdukoken.com\/product\/erken-hasat-soguk-sikim-zeytinyagi-5lt\/#primaryimage"},"thumbnailUrl":"https:\/\/www.gundogdukoken.com\/wp-content\/uploads\/2021\/08\/gundogdukoken-erkenhasat-soguksikim-5lt.jpg","datePublished":"2023-10-04T12:32:58+00:00","description":"Early harvested & cold pressed olive oil with high aroma, low acidity (0.3 - 0.5%), fresh smell and unique taste.","breadcrumb":{"@id":"https:\/\/www.gundogdukoken.com\/product\/erken-hasat-soguk-sikim-zeytinyagi-5lt\/#breadcrumb"},"inLanguage":"en-US","potentialAction":[{"@type":"ReadAction","target":["https:\/\/www.gundogdukoken.com\/product\/erken-hasat-soguk-sikim-zeytinyagi-5lt\/"]}]},{"@type":"ImageObject","inLanguage":"en-US","@id":"https:\/\/www.gundogdukoken.com\/product\/erken-hasat-soguk-sikim-zeytinyagi-5lt\/#primaryimage","url":"https:\/\/www.gundogdukoken.com\/wp-content\/uploads\/2021\/08\/gundogdukoken-erkenhasat-soguksikim-5lt.jpg","contentUrl":"https:\/\/www.gundogdukoken.com\/wp-content\/uploads\/2021\/08\/gundogdukoken-erkenhasat-soguksikim-5lt.jpg","width":900,"height":900,"caption":"Early Harvest Cold Pressed Extra Virgin Olive Oil"},{"@type":"BreadcrumbList","@id":"https:\/\/www.gundogdukoken.com\/product\/erken-hasat-soguk-sikim-zeytinyagi-5lt\/#breadcrumb","itemListElement":[{"@type":"ListItem","position":1,"name":"Anasayfa","item":"https:\/\/www.gundogdukoken.com\/en\/"},{"@type":"ListItem","position":2,"name":"Our products","item":"https:\/\/www.gundogdukoken.com\/en\/products\/"},{"@type":"ListItem","position":3,"name":"Premium Extra Virgin Olive Oil 5 Lt Tin"}]},{"@type":"WebSite","@id":"https:\/\/www.gundogdukoken.com\/#website","url":"https:\/\/www.gundogdukoken.com\/","name":"G\u00fcndo\u011fdu K\u00f6ken","description":"Naturel S\u0131zma Zeytinya\u011f\u0131","publisher":{"@id":"https:\/\/www.gundogdukoken.com\/#organization"},"potentialAction":[{"@type":"SearchAction","target":{"@type":"EntryPoint","urlTemplate":"https:\/\/www.gundogdukoken.com\/?s={search_term_string}"},"query-input":{"@type":"PropertyValueSpecification","valueRequired":true,"valueName":"search_term_string"}}],"inLanguage":"en-US"},{"@type":"Organization","@id":"https:\/\/www.gundogdukoken.com\/#organization","name":"G\u00fcndo\u011fdu K\u00f6ken","url":"https:\/\/www.gundogdukoken.com\/","logo":{"@type":"ImageObject","inLanguage":"en-US","@id":"https:\/\/www.gundogdukoken.com\/#\/schema\/logo\/image\/","url":"https:\/\/www.gundogdukoken.com\/wp-content\/uploads\/2021\/09\/Gundogdu-Koken-Logo-1000x388-1.png","contentUrl":"https:\/\/www.gundogdukoken.com\/wp-content\/uploads\/2021\/09\/Gundogdu-Koken-Logo-1000x388-1.png","width":1000,"height":388,"caption":"G\u00fcndo\u011fdu K\u00f6ken"},"image":{"@id":"https:\/\/www.gundogdukoken.com\/#\/schema\/logo\/image\/"}}]}},"_links":{"self":[{"href":"https:\/\/www.gundogdukoken.com\/en\/wp-json\/wp\/v2\/product\/4136","targetHints":{"allow":["GET"]}}],"collection":[{"href":"https:\/\/www.gundogdukoken.com\/en\/wp-json\/wp\/v2\/product"}],"about":[{"href":"https:\/\/www.gundogdukoken.com\/en\/wp-json\/wp\/v2\/types\/product"}],"wp:featuredmedia":[{"embeddable":true,"href":"https:\/\/www.gundogdukoken.com\/en\/wp-json\/wp\/v2\/media\/3381"}],"wp:attachment":[{"href":"https:\/\/www.gundogdukoken.com\/en\/wp-json\/wp\/v2\/media?parent=4136"}],"wp:term":[{"taxonomy":"product_brand","embeddable":true,"href":"https:\/\/www.gundogdukoken.com\/en\/wp-json\/wp\/v2\/product_brand?post=4136"},{"taxonomy":"product_cat","embeddable":true,"href":"https:\/\/www.gundogdukoken.com\/en\/wp-json\/wp\/v2\/product_cat?post=4136"},{"taxonomy":"product_tag","embeddable":true,"href":"https:\/\/www.gundogdukoken.com\/en\/wp-json\/wp\/v2\/product_tag?post=4136"}],"curies":[{"name":"wp","href":"https:\/\/api.w.org\/{rel}","templated":true}]}}