{"id":4075,"date":"2022-01-04T14:40:39","date_gmt":"2022-01-04T14:40:39","guid":{"rendered":"https:\/\/www.gundogdukoken.com\/contact-us\/"},"modified":"2022-01-05T14:53:16","modified_gmt":"2022-01-05T14:53:16","slug":"contact-us","status":"publish","type":"page","link":"https:\/\/www.gundogdukoken.com\/en\/contact-us\/","title":{"rendered":"Contact us"},"content":{"rendered":"<div class=\"wpb-content-wrapper\"><p>[vc_row full_width=&#8221;stretch_row_content_no_spaces&#8221;][vc_column][vc_gmaps link=&#8221;#E-8_JTNDaWZyYW1lJTIwc3JjJTNEJTIyaHR0cHMlM0ElMkYlMkZ3d3cuZ29vZ2xlLmNvbSUyRm1hcHMlMkZlbWJlZCUzRnBiJTNEJTIxMW0xNCUyMTFtOCUyMTFtMyUyMTFkMjQzMzEuMjcxMzMyMzE2ODAzJTIxMmQyOS4wMzA2NDA5OTk5OTk5OTYlMjEzZDQwLjMzMzI3NCUyMTNtMiUyMTFpMTAyNCUyMTJpNzY4JTIxNGYxMy4xJTIxM20zJTIxMW0yJTIxMXMweDAlMjUzQTB4ODUzMDhkZWQ2MzdhY2Q4NSUyMTJ6UzhPMmEyVnVJRnBsZVhScGJubGh4Sl9Fc1NERG5ISmxkR2x0JTIxNWUwJTIxM20yJTIxMXN0ciUyMTJzdHIlMjE0djE2Mjk2NDI1Nzc1NjAlMjE1bTIlMjExc3RyJTIxMnN0ciUyMiUyMHdpZHRoJTNEJTIyNjAwJTIyJTIwaGVpZ2h0JTNEJTIyNDUwJTIyJTIwc3R5bGUlM0QlMjJib3JkZXIlM0EwJTNCJTIyJTIwYWxsb3dmdWxsc2NyZWVuJTNEJTIyJTIyJTIwbG9hZGluZyUzRCUyMmxhenklMjIlM0UlM0MlMkZpZnJhbWUlM0U=&#8221;][\/vc_column][\/vc_row][vc_row wrap_container=&#8221;yes&#8221; el_class=&#8221;m-b-xl&#8221;][vc_column width=&#8221;1\/2&#8243;]\n<div class=\"wpcf7 no-js\" id=\"wpcf7-f4276-o1\" lang=\"en-US\" dir=\"ltr\" data-wpcf7-id=\"4276\">\n<div class=\"screen-reader-response\"><p role=\"status\" aria-live=\"polite\" aria-atomic=\"true\"><\/p> <ul><\/ul><\/div>\n<form action=\"\/en\/wp-json\/wp\/v2\/pages\/4075#wpcf7-f4276-o1\" method=\"post\" class=\"wpcf7-form init\" aria-label=\"Contact form\" novalidate=\"novalidate\" data-status=\"init\">\n<fieldset class=\"hidden-fields-container\"><input type=\"hidden\" name=\"_wpcf7\" value=\"4276\" \/><input type=\"hidden\" name=\"_wpcf7_version\" value=\"6.1.5\" \/><input type=\"hidden\" name=\"_wpcf7_locale\" value=\"en_US\" \/><input type=\"hidden\" name=\"_wpcf7_unit_tag\" value=\"wpcf7-f4276-o1\" \/><input type=\"hidden\" name=\"_wpcf7_container_post\" value=\"0\" \/><input type=\"hidden\" name=\"_wpcf7_posted_data_hash\" value=\"\" \/>\n<\/fieldset>\n<h2 class=\"short\"><strong>Contact Form<\/strong><\/h2>\n<div class=\"row\">\n    <div class=\"col-lg-6\">\n        <div class=\"form-group\">\n            <label for=\"contact-name\">Name *<\/label>\n            <span class=\"wpcf7-form-control-wrap\" data-name=\"your-name\"><input size=\"40\" maxlength=\"400\" class=\"wpcf7-form-control wpcf7-text wpcf7-validates-as-required form-control\" id=\"contact-name\" aria-required=\"true\" aria-invalid=\"false\" value=\"\" type=\"text\" name=\"your-name\" \/><\/span>\n        <\/div>\n    <\/div>\n    <div class=\"col-lg-6\">\n        <div class=\"form-group\">\n            <label for=\"contact-email\">E-Mail *<\/label>\n            <span class=\"wpcf7-form-control-wrap\" data-name=\"your-email\"><input size=\"40\" maxlength=\"400\" class=\"wpcf7-form-control wpcf7-email wpcf7-validates-as-required wpcf7-text wpcf7-validates-as-email form-control\" id=\"contact-email\" aria-required=\"true\" aria-invalid=\"false\" value=\"\" type=\"email\" name=\"your-email\" \/><\/span>\n        <\/div>\n    <\/div>\n    <div class=\"col-lg-12\">\n        <div class=\"form-group\">\n            <label for=\"contact-subject\">Subject <\/label>\n            <span class=\"wpcf7-form-control-wrap\" data-name=\"your-subject\"><input size=\"40\" maxlength=\"400\" class=\"wpcf7-form-control wpcf7-text form-control\" id=\"contact-subject\" aria-invalid=\"false\" value=\"\" type=\"text\" name=\"your-subject\" \/><\/span>\n        <\/div>\n    <\/div>\n    <div class=\"col-lg-12\">\n        <div class=\"form-group\">\n            <label for=\"contact-message\">Your Message<\/label>\n            <span class=\"wpcf7-form-control-wrap\" data-name=\"your-message\"><textarea cols=\"40\" rows=\"10\" maxlength=\"2000\" class=\"wpcf7-form-control wpcf7-textarea form-control\" id=\"contact-message\" aria-invalid=\"false\" name=\"your-message\"><\/textarea><\/span>\n        <\/div>\n    <\/div>\n    <div class=\"col-lg-12\">\n        <div class=\"form-group\">\n<span class=\"wpcf7-form-control-wrap\" data-name=\"acceptance-106\"><span class=\"wpcf7-form-control wpcf7-acceptance\"><span class=\"wpcf7-list-item\"><label><input type=\"checkbox\" name=\"acceptance-106\" value=\"1\" checked=\"checked\" aria-invalid=\"false\" \/><span class=\"wpcf7-list-item-label\">\"I have read the <a href=\/en\/privacy-and-security-policy\/\" target=\"_blank\" rel=\"noopener\">Privacy and Security Policy<\/a> regarding my personal data that I shared in the contact form. I expressly consent to the processing of my personal data that I share\".<\/span><\/label><\/span><\/span><\/span>\n            <input class=\"wpcf7-form-control wpcf7-submit has-spinner btn btn-primary btn-lg\" type=\"submit\" value=\"G\u00f6nder\" \/>\n        <\/div>\n    <\/div>\n<\/div><div class=\"wpcf7-response-output\" aria-hidden=\"true\"><\/div>\n<\/form>\n<\/div>\n[\/vc_column][vc_column width=&#8221;1\/2&#8243;][vc_custom_heading text=&#8221;Gundogdu Koken Olive Oils&#8221; font_container=&#8221;tag:h4|text_align:left|color:%232b3428&#8243; use_theme_fonts=&#8221;yes&#8221;][vc_column_text]For your wishes, requests, suggestions and complaints, you can reach us from the contact form on the side or from the contact numbers and e-mail addresses below during working hours (09:00 &#8211; 17:00).[\/vc_column_text][vc_separator color=&#8221;custom&#8221; gradient=&#8221;yes&#8221;][vc_custom_heading text=&#8221;Contact information&#8221; font_container=&#8221;tag:h4|text_align:left|color:%232b3428&#8243; use_theme_fonts=&#8221;yes&#8221;]<div class=\"porto-sicon-box  wpb_custom_c4e4ff26bc87dc2f4f517ac004c9ab8e style_1 default-icon\"><div class=\"porto-sicon-default\"><div class=\"porto-just-icon-wrapper porto-icon circle\" style=\"color:#ffffff;background:#918e41;font-size:14px;\"><i class=\"fas fa-map-marker-alt\"><\/i><\/div><\/div><div class=\"porto-sicon-header\"><h3 class=\"porto-sicon-title\" style=\"\"><strong>Adres:<\/strong> G\u00fcndo\u011fdu Mahallesi , Cumhuriyet Caddesi , No:59\/1 16375 Osmangazi \/ BURSA<\/h3><\/div> <!-- header --><\/div><!-- porto-sicon-box --><div class=\"porto-sicon-box  wpb_custom_c4e4ff26bc87dc2f4f517ac004c9ab8e style_1 default-icon\"><div class=\"porto-sicon-default\"><div class=\"porto-just-icon-wrapper porto-icon circle\" style=\"color:#ffffff;background:#918e41;font-size:14px;\"><i class=\"fas fa-phone-volume\"><\/i><\/div><\/div><div class=\"porto-sicon-header\"><h3 class=\"porto-sicon-title\" style=\"\"><strong>Telefon:<\/strong> +90 224 282 20 19<\/h3><\/div> <!-- header --><\/div><!-- porto-sicon-box --><div class=\"porto-sicon-box  wpb_custom_c4e4ff26bc87dc2f4f517ac004c9ab8e style_1 default-icon\"><div class=\"porto-sicon-default\"><div class=\"porto-just-icon-wrapper porto-icon circle\" style=\"color:#ffffff;background:#918e41;font-size:14px;\"><i class=\"far fa-envelope-open\"><\/i><\/div><\/div><div class=\"porto-sicon-header\"><h3 class=\"porto-sicon-title\" style=\"\"><strong>Eposta:<\/strong> info@gundogdukoken.com<\/h3><\/div> <!-- header --><\/div><!-- porto-sicon-box -->[\/vc_column][\/vc_row]<\/p>\n<\/div>","protected":false},"excerpt":{"rendered":"<p>[vc_row full_width=&#8221;stretch_row_content_no_spaces&#8221;][vc_column][vc_gmaps link=&#8221;#E-8_JTNDaWZyYW1lJTIwc3JjJTNEJTIyaHR0cHMlM0ElMkYlMkZ3d3cuZ29vZ2xlLmNvbSUyRm1hcHMlMkZlbWJlZCUzRnBiJTNEJTIxMW0xNCUyMTFtOCUyMTFtMyUyMTFkMjQzMzEuMjcxMzMyMzE2ODAzJTIxMmQyOS4wMzA2NDA5OTk5OTk5OTYlMjEzZDQwLjMzMzI3NCUyMTNtMiUyMTFpMTAyNCUyMTJpNzY4JTIxNGYxMy4xJTIxM20zJTIxMW0yJTIxMXMweDAlMjUzQTB4ODUzMDhkZWQ2MzdhY2Q4NSUyMTJ6UzhPMmEyVnVJRnBsZVhScGJubGh4Sl9Fc1NERG5ISmxkR2x0JTIxNWUwJTIxM20yJTIxMXN0ciUyMTJzdHIlMjE0djE2Mjk2NDI1Nzc1NjAlMjE1bTIlMjExc3RyJTIxMnN0ciUyMiUyMHdpZHRoJTNEJTIyNjAwJTIyJTIwaGVpZ2h0JTNEJTIyNDUwJTIyJTIwc3R5bGUlM0QlMjJib3JkZXIlM0EwJTNCJTIyJTIwYWxsb3dmdWxsc2NyZWVuJTNEJTIyJTIyJTIwbG9hZGluZyUzRCUyMmxhenklMjIlM0UlM0MlMkZpZnJhbWUlM0U=&#8221;][\/vc_column][\/vc_row][vc_row wrap_container=&#8221;yes&#8221; el_class=&#8221;m-b-xl&#8221;][vc_column width=&#8221;1\/2&#8243;][\/vc_column][vc_column width=&#8221;1\/2&#8243;][vc_custom_heading text=&#8221;Gundogdu Koken Olive Oils&#8221; font_container=&#8221;tag:h4|text_align:left|color:%232b3428&#8243; use_theme_fonts=&#8221;yes&#8221;][vc_column_text]For your wishes, requests, suggestions and complaints, you can reach us from the contact form on the side or from the contact numbers and e-mail addresses below during working hours (09:00 &#8211; 17:00).[\/vc_column_text][vc_separator color=&#8221;custom&#8221; gradient=&#8221;yes&#8221;][vc_custom_heading text=&#8221;Contact information&#8221; font_container=&#8221;tag:h4|text_align:left|color:%232b3428&#8243; use_theme_fonts=&#8221;yes&#8221;][\/vc_column][\/vc_row]<\/p>\n","protected":false},"author":1,"featured_media":0,"parent":0,"menu_order":0,"comment_status":"closed","ping_status":"closed","template":"","meta":{"_joinchat":[],"footnotes":""},"class_list":["post-4075","page","type-page","status-publish","hentry"],"yoast_head":"<!-- This site is optimized with the Yoast SEO plugin v26.6 - https:\/\/yoast.com\/wordpress\/plugins\/seo\/ -->\n<title>Contact us +90 224 282 20 19<\/title>\n<meta name=\"description\" content=\"For your wishes, requests, suggestions and complaints, please contact us at +90 224 282 20 19.\" \/>\n<meta name=\"robots\" content=\"index, follow, max-snippet:-1, max-image-preview:large, max-video-preview:-1\" \/>\n<link rel=\"canonical\" href=\"https:\/\/www.gundogdukoken.com\/en\/contact-us\/\" \/>\n<meta property=\"og:locale\" content=\"en_US\" \/>\n<meta property=\"og:type\" content=\"article\" \/>\n<meta property=\"og:title\" content=\"Contact us +90 224 282 20 19\" \/>\n<meta property=\"og:description\" content=\"For your wishes, requests, suggestions and complaints, please contact us at +90 224 282 20 19.\" \/>\n<meta property=\"og:url\" content=\"https:\/\/www.gundogdukoken.com\/en\/contact-us\/\" \/>\n<meta property=\"og:site_name\" content=\"G\u00fcndo\u011fdu K\u00f6ken\" \/>\n<meta property=\"article:modified_time\" content=\"2022-01-05T14:53:16+00:00\" \/>\n<meta name=\"twitter:card\" content=\"summary_large_image\" \/>\n<meta name=\"twitter:label1\" content=\"Est. reading time\" \/>\n\t<meta name=\"twitter:data1\" content=\"1 minute\" \/>\n<script type=\"application\/ld+json\" class=\"yoast-schema-graph\">{\"@context\":\"https:\/\/schema.org\",\"@graph\":[{\"@type\":\"WebPage\",\"@id\":\"https:\/\/www.gundogdukoken.com\/en\/contact-us\/\",\"url\":\"https:\/\/www.gundogdukoken.com\/en\/contact-us\/\",\"name\":\"Contact us +90 224 282 20 19\",\"isPartOf\":{\"@id\":\"https:\/\/www.gundogdukoken.com\/#website\"},\"datePublished\":\"2022-01-04T14:40:39+00:00\",\"dateModified\":\"2022-01-05T14:53:16+00:00\",\"description\":\"For your wishes, requests, suggestions and complaints, please contact us at +90 224 282 20 19.\",\"breadcrumb\":{\"@id\":\"https:\/\/www.gundogdukoken.com\/en\/contact-us\/#breadcrumb\"},\"inLanguage\":\"en-US\",\"potentialAction\":[{\"@type\":\"ReadAction\",\"target\":[\"https:\/\/www.gundogdukoken.com\/en\/contact-us\/\"]}]},{\"@type\":\"BreadcrumbList\",\"@id\":\"https:\/\/www.gundogdukoken.com\/en\/contact-us\/#breadcrumb\",\"itemListElement\":[{\"@type\":\"ListItem\",\"position\":1,\"name\":\"Anasayfa\",\"item\":\"https:\/\/www.gundogdukoken.com\/en\/\"},{\"@type\":\"ListItem\",\"position\":2,\"name\":\"Contact us\"}]},{\"@type\":\"WebSite\",\"@id\":\"https:\/\/www.gundogdukoken.com\/#website\",\"url\":\"https:\/\/www.gundogdukoken.com\/\",\"name\":\"G\u00fcndo\u011fdu K\u00f6ken\",\"description\":\"Naturel S\u0131zma Zeytinya\u011f\u0131\",\"publisher\":{\"@id\":\"https:\/\/www.gundogdukoken.com\/#organization\"},\"potentialAction\":[{\"@type\":\"SearchAction\",\"target\":{\"@type\":\"EntryPoint\",\"urlTemplate\":\"https:\/\/www.gundogdukoken.com\/?s={search_term_string}\"},\"query-input\":{\"@type\":\"PropertyValueSpecification\",\"valueRequired\":true,\"valueName\":\"search_term_string\"}}],\"inLanguage\":\"en-US\"},{\"@type\":\"Organization\",\"@id\":\"https:\/\/www.gundogdukoken.com\/#organization\",\"name\":\"G\u00fcndo\u011fdu K\u00f6ken\",\"url\":\"https:\/\/www.gundogdukoken.com\/\",\"logo\":{\"@type\":\"ImageObject\",\"inLanguage\":\"en-US\",\"@id\":\"https:\/\/www.gundogdukoken.com\/#\/schema\/logo\/image\/\",\"url\":\"https:\/\/www.gundogdukoken.com\/wp-content\/uploads\/2021\/09\/Gundogdu-Koken-Logo-1000x388-1.png\",\"contentUrl\":\"https:\/\/www.gundogdukoken.com\/wp-content\/uploads\/2021\/09\/Gundogdu-Koken-Logo-1000x388-1.png\",\"width\":1000,\"height\":388,\"caption\":\"G\u00fcndo\u011fdu K\u00f6ken\"},\"image\":{\"@id\":\"https:\/\/www.gundogdukoken.com\/#\/schema\/logo\/image\/\"}}]}<\/script>\n<!-- \/ Yoast SEO plugin. -->","yoast_head_json":{"title":"Contact us +90 224 282 20 19","description":"For your wishes, requests, suggestions and complaints, please contact us at +90 224 282 20 19.","robots":{"index":"index","follow":"follow","max-snippet":"max-snippet:-1","max-image-preview":"max-image-preview:large","max-video-preview":"max-video-preview:-1"},"canonical":"https:\/\/www.gundogdukoken.com\/en\/contact-us\/","og_locale":"en_US","og_type":"article","og_title":"Contact us +90 224 282 20 19","og_description":"For your wishes, requests, suggestions and complaints, please contact us at +90 224 282 20 19.","og_url":"https:\/\/www.gundogdukoken.com\/en\/contact-us\/","og_site_name":"G\u00fcndo\u011fdu K\u00f6ken","article_modified_time":"2022-01-05T14:53:16+00:00","twitter_card":"summary_large_image","twitter_misc":{"Est. reading time":"1 minute"},"schema":{"@context":"https:\/\/schema.org","@graph":[{"@type":"WebPage","@id":"https:\/\/www.gundogdukoken.com\/en\/contact-us\/","url":"https:\/\/www.gundogdukoken.com\/en\/contact-us\/","name":"Contact us +90 224 282 20 19","isPartOf":{"@id":"https:\/\/www.gundogdukoken.com\/#website"},"datePublished":"2022-01-04T14:40:39+00:00","dateModified":"2022-01-05T14:53:16+00:00","description":"For your wishes, requests, suggestions and complaints, please contact us at +90 224 282 20 19.","breadcrumb":{"@id":"https:\/\/www.gundogdukoken.com\/en\/contact-us\/#breadcrumb"},"inLanguage":"en-US","potentialAction":[{"@type":"ReadAction","target":["https:\/\/www.gundogdukoken.com\/en\/contact-us\/"]}]},{"@type":"BreadcrumbList","@id":"https:\/\/www.gundogdukoken.com\/en\/contact-us\/#breadcrumb","itemListElement":[{"@type":"ListItem","position":1,"name":"Anasayfa","item":"https:\/\/www.gundogdukoken.com\/en\/"},{"@type":"ListItem","position":2,"name":"Contact us"}]},{"@type":"WebSite","@id":"https:\/\/www.gundogdukoken.com\/#website","url":"https:\/\/www.gundogdukoken.com\/","name":"G\u00fcndo\u011fdu K\u00f6ken","description":"Naturel S\u0131zma Zeytinya\u011f\u0131","publisher":{"@id":"https:\/\/www.gundogdukoken.com\/#organization"},"potentialAction":[{"@type":"SearchAction","target":{"@type":"EntryPoint","urlTemplate":"https:\/\/www.gundogdukoken.com\/?s={search_term_string}"},"query-input":{"@type":"PropertyValueSpecification","valueRequired":true,"valueName":"search_term_string"}}],"inLanguage":"en-US"},{"@type":"Organization","@id":"https:\/\/www.gundogdukoken.com\/#organization","name":"G\u00fcndo\u011fdu K\u00f6ken","url":"https:\/\/www.gundogdukoken.com\/","logo":{"@type":"ImageObject","inLanguage":"en-US","@id":"https:\/\/www.gundogdukoken.com\/#\/schema\/logo\/image\/","url":"https:\/\/www.gundogdukoken.com\/wp-content\/uploads\/2021\/09\/Gundogdu-Koken-Logo-1000x388-1.png","contentUrl":"https:\/\/www.gundogdukoken.com\/wp-content\/uploads\/2021\/09\/Gundogdu-Koken-Logo-1000x388-1.png","width":1000,"height":388,"caption":"G\u00fcndo\u011fdu K\u00f6ken"},"image":{"@id":"https:\/\/www.gundogdukoken.com\/#\/schema\/logo\/image\/"}}]}},"_links":{"self":[{"href":"https:\/\/www.gundogdukoken.com\/en\/wp-json\/wp\/v2\/pages\/4075","targetHints":{"allow":["GET"]}}],"collection":[{"href":"https:\/\/www.gundogdukoken.com\/en\/wp-json\/wp\/v2\/pages"}],"about":[{"href":"https:\/\/www.gundogdukoken.com\/en\/wp-json\/wp\/v2\/types\/page"}],"author":[{"embeddable":true,"href":"https:\/\/www.gundogdukoken.com\/en\/wp-json\/wp\/v2\/users\/1"}],"replies":[{"embeddable":true,"href":"https:\/\/www.gundogdukoken.com\/en\/wp-json\/wp\/v2\/comments?post=4075"}],"version-history":[{"count":0,"href":"https:\/\/www.gundogdukoken.com\/en\/wp-json\/wp\/v2\/pages\/4075\/revisions"}],"wp:attachment":[{"href":"https:\/\/www.gundogdukoken.com\/en\/wp-json\/wp\/v2\/media?parent=4075"}],"curies":[{"name":"wp","href":"https:\/\/api.w.org\/{rel}","templated":true}]}}