{"id":4056,"date":"2022-01-04T14:32:18","date_gmt":"2022-01-04T14:32:18","guid":{"rendered":"https:\/\/www.gundogdukoken.com\/our-story\/"},"modified":"2022-01-05T14:39:10","modified_gmt":"2022-01-05T14:39:10","slug":"our-story","status":"publish","type":"page","link":"https:\/\/www.gundogdukoken.com\/en\/our-story\/","title":{"rendered":"Our story"},"content":{"rendered":"<div class=\"wpb-content-wrapper\"><p>[vc_row css=&#8221;.vc_custom_1633001834377{margin-top: -120px !important;}&#8221;][vc_column]<div class=\"porto-history wpb_content_element \"><div class=\"thumb\"><img loading=\"lazy\" decoding=\"async\" class=\"\" src=\"https:\/\/www.gundogdukoken.com\/wp-content\/uploads\/2022\/01\/gundogdu.koken_.02-145x145.jpg\" width=\"145\" height=\"145\" alt=\"gundogdu.koken.02\" title=\"gundogdu.koken.02\" \/><\/div><div class=\"featured-box\"><div class=\"box-content\"><p><strong>Gundogdu K\u00f6ken<\/strong><strong>;<\/strong> The story of a family that has been operating since 1951 in the production of olive oil in G\u00fcndo\u011fdu Village, 20 kilometers from Bursa.<\/p>\n<p>G\u00fcndo\u011fdu Village is an old Greek settlement with a deep-rooted history. This village, known as Filadar\/Phileidar in ancient times; It has been home to olive trees, olive and olive oil production for centuries. The love of the K\u00f6ken family for olive oil, passed down from grandfather to grandchild, reunites with the high mineral soil of G\u00fcndo\u011fdu Village, and olives, one of nature&#8217;s gifts of healing to people, are carefully processed under the umbrella of G\u00fcndo\u011fdu K\u00f6ken.<\/p>\n<p>Thanks to its roots, G\u00fcndo\u011fdu K\u00f6ken stands out with the added value it provides to the sector and the difference in taste it offers to the consumer. Bursa&#8217;s Tirilye type olives have been bottled with love, care and care since 1951 and met with olive oil lovers! Wishing the early harvest and ripe harvest olive oils prepared with the experience of the K\u00f6ken family to bring health and abundance to your tables&#8230;<\/p>\n<p><em><strong>Overlooking the Gulf of Gemlik,<\/strong><\/em><br \/>\n<em><strong>Beaten by the cool wind of the Marmara Sea,<\/strong><\/em><br \/>\n<em><strong>One of G\u00fcndo\u011fdu&#8217;s most special olives\u2026<\/strong><\/em><\/p>\n<\/div><\/div><\/div>[\/vc_column][\/vc_row][vc_row][vc_column width=&#8221;1\/2&#8243;]<div class=\"porto-history wpb_content_element \"><div class=\"thumb\"><img loading=\"lazy\" decoding=\"async\" class=\"\" src=\"https:\/\/www.gundogdukoken.com\/wp-content\/uploads\/2021\/09\/koken-olive-145x145.jpg\" width=\"145\" height=\"145\" alt=\"koken-olive\" title=\"koken-olive\" \/><\/div><div class=\"featured-box\"><div class=\"box-content\"><h4 class=\"heading-primary\"><strong>1920<\/strong><\/h4><p>Hac\u0131 \u0130dris K\u00f6ken, in Kurular Village of Thessaloniki, Greece, was trading olives and tobacco with his family.<\/p>\n<\/div><\/div><\/div>[\/vc_column][vc_column width=&#8221;1\/2&#8243;][\/vc_column][\/vc_row][vc_row][vc_column width=&#8221;1\/2&#8243;][\/vc_column][vc_column width=&#8221;1\/2&#8243;]<div class=\"porto-history wpb_content_element \" data-appear-animation=\"flip\"><div class=\"thumb\"><img loading=\"lazy\" decoding=\"async\" class=\"\" src=\"https:\/\/www.gundogdukoken.com\/wp-content\/uploads\/2021\/09\/koken-koyu-04-145x145.jpg\" width=\"145\" height=\"145\" alt=\"G\u00fcndo\u011fdu K\u00f6ken\" title=\"G\u00fcndo\u011fdu K\u00f6ken\" \/><\/div><div class=\"featured-box\"><div class=\"box-content\"><h4 class=\"heading-primary\"><strong>1923<\/strong><\/h4><p>The K\u00f6ken family took refuge in the G\u00fcndo\u011fdu Village of Bursa from the Kurular Village with the exchange agreement.<\/p>\n<\/div><\/div><\/div>[\/vc_column][\/vc_row][vc_row][vc_column width=&#8221;1\/2&#8243;]<div class=\"porto-history wpb_content_element \"><div class=\"thumb\"><img loading=\"lazy\" decoding=\"async\" class=\"\" src=\"https:\/\/www.gundogdukoken.com\/wp-content\/uploads\/2021\/09\/koken-olive-01-145x145.jpg\" width=\"145\" height=\"145\" alt=\"koken-olive-01\" title=\"koken-olive-01\" \/><\/div><div class=\"featured-box\"><div class=\"box-content\"><h4 class=\"heading-primary\"><strong>1930<\/strong><\/h4><p>After they settled down in G\u00fcndo\u011fdu Village, they established the K\u00f6ken Oil House to meet the olive oil production needs of the village and its family and started to produce olive oil with basic methods.<\/p>\n<\/div><\/div><\/div>[\/vc_column][vc_column width=&#8221;1\/2&#8243;][\/vc_column][\/vc_row][vc_row][vc_column width=&#8221;1\/2&#8243;][\/vc_column][vc_column width=&#8221;1\/2&#8243;]<div class=\"porto-history wpb_content_element \"><div class=\"thumb\"><img loading=\"lazy\" decoding=\"async\" class=\"\" src=\"https:\/\/www.gundogdukoken.com\/wp-content\/uploads\/2021\/09\/koken-olive-02-145x145.jpg\" width=\"145\" height=\"145\" alt=\"koken-olive-02\" title=\"koken-olive-02\" \/><\/div><div class=\"featured-box\"><div class=\"box-content\"><h4 class=\"heading-primary\"><strong>1951<\/strong><\/h4><p>K\u00f6ken Oil House started lithography production with the \u201cGalardi-Firenze\u201d brand olive press brought from Italy and providing the highest technology of the day.<\/p>\n<\/div><\/div><\/div>[\/vc_column][\/vc_row][vc_row][vc_column width=&#8221;1\/2&#8243;]<div class=\"porto-history wpb_content_element \"><div class=\"thumb\"><img loading=\"lazy\" decoding=\"async\" class=\"\" src=\"https:\/\/www.gundogdukoken.com\/wp-content\/uploads\/2021\/09\/koken-olive-03-145x145.jpg\" width=\"145\" height=\"145\" alt=\"koken-olive-03\" title=\"koken-olive-03\" \/><\/div><div class=\"featured-box\"><div class=\"box-content\"><h4 class=\"heading-primary\"><strong>2007<\/strong><\/h4><p>Vedat K\u00f6ken, who followed the path opened by his grandfather, modernized the production system with a continuous system and stepped into contemporary production.<\/p>\n<\/div><\/div><\/div>[\/vc_column][vc_column width=&#8221;1\/2&#8243;][\/vc_column][\/vc_row][vc_row][vc_column width=&#8221;1\/2&#8243;][\/vc_column][vc_column width=&#8221;1\/2&#8243;]<div class=\"porto-history wpb_content_element \"><div class=\"thumb\"><img loading=\"lazy\" decoding=\"async\" class=\"\" src=\"https:\/\/www.gundogdukoken.com\/wp-content\/uploads\/2021\/09\/bundle-1-tanisma-145x145.jpg\" width=\"145\" height=\"145\" alt=\"G\u00fcndo\u011fdu K\u00f6ken Lezzet Paketi\" title=\"G\u00fcndo\u011fdu K\u00f6ken Lezzet Paketi\" \/><\/div><div class=\"featured-box\"><div class=\"box-content\"><h4 class=\"heading-primary\"><strong>2013<\/strong><\/h4><p>We stepped into retail sales with the G\u00fcndo\u011fdu K\u00f6ken brand.<\/p>\n<\/div><\/div><\/div>[\/vc_column][\/vc_row][vc_row][vc_column width=&#8221;1\/2&#8243;]<div class=\"porto-history wpb_content_element \"><div class=\"thumb\"><img loading=\"lazy\" decoding=\"async\" class=\"\" src=\"https:\/\/www.gundogdukoken.com\/wp-content\/uploads\/2021\/09\/hasat-sevdasi-145x145.jpg\" width=\"145\" height=\"145\" alt=\"Hasat Sevdas\u0131 6x750 ml Cam \u015ei\u015fe\" title=\"Hasat Sevdas\u0131 6x750 ml Cam \u015ei\u015fe\" \/><\/div><div class=\"featured-box\"><div class=\"box-content\"><h4 class=\"heading-primary\"><strong>2018<\/strong><\/h4><p>We have increased our design quality with our special production bottles, which are the first in Turkey.<\/p>\n<\/div><\/div><\/div>[\/vc_column][vc_column width=&#8221;1\/2&#8243;][\/vc_column][\/vc_row][vc_row][vc_column width=&#8221;1\/2&#8243;][\/vc_column][vc_column width=&#8221;1\/2&#8243;]<div class=\"porto-history wpb_content_element \"><div class=\"thumb\"><img loading=\"lazy\" decoding=\"async\" class=\"\" src=\"https:\/\/www.gundogdukoken.com\/wp-content\/uploads\/2021\/08\/LIOOC-QUALITY-BRONZE-2020-145x145.jpg\" width=\"145\" height=\"145\" alt=\"LIOOC-QUALITY-BRONZE-2020\" title=\"LIOOC-QUALITY-BRONZE-2020\" \/><\/div><div class=\"featured-box\"><div class=\"box-content\"><h4 class=\"heading-primary\"><strong>2020<\/strong><\/h4><p>We were awarded a bronze medal in the quality category from the London International Olive Oil Competition (London IOOC).<\/p>\n<\/div><\/div><\/div>[\/vc_column][\/vc_row][vc_row css=&#8221;.vc_custom_1632666665430{background-color: #ffffff !important;}&#8221;][vc_column width=&#8221;1\/2&#8243; css=&#8221;.vc_custom_1632666576403{background-color: #ffffff !important;}&#8221;]<div class=\"porto-history wpb_content_element \"><div class=\"thumb\"><img loading=\"lazy\" decoding=\"async\" class=\"\" src=\"https:\/\/www.gundogdukoken.com\/wp-content\/uploads\/2021\/08\/LIOOC-QUALITY-BRONZE-2021-145x145.jpg\" width=\"145\" height=\"145\" alt=\"LIOOC-QUALITY-BRONZE-2021\" title=\"LIOOC-QUALITY-BRONZE-2021\" \/><\/div><div class=\"featured-box\"><div class=\"box-content\"><h4 class=\"heading-primary\"><strong>2021<\/strong><\/h4><p>Once again, we registered our taste and quality by receiving the bronze medal in the quality category from the London International Olive Oil Competition (London IOOC).<\/p>\n<\/div><\/div><\/div>[\/vc_column][vc_column width=&#8221;1\/2&#8243; css=&#8221;.vc_custom_1632666693807{background-color: #ffffff !important;}&#8221;][\/vc_column][\/vc_row]<\/p>\n<\/div>","protected":false},"excerpt":{"rendered":"<p>[vc_row css=&#8221;.vc_custom_1633001834377{margin-top: -120px !important;}&#8221;][vc_column][\/vc_column][\/vc_row][vc_row][vc_column width=&#8221;1\/2&#8243;][\/vc_column][vc_column width=&#8221;1\/2&#8243;][\/vc_column][\/vc_row][vc_row][vc_column width=&#8221;1\/2&#8243;][\/vc_column][vc_column width=&#8221;1\/2&#8243;][\/vc_column][\/vc_row][vc_row][vc_column width=&#8221;1\/2&#8243;][\/vc_column][vc_column width=&#8221;1\/2&#8243;][\/vc_column][\/vc_row][vc_row][vc_column width=&#8221;1\/2&#8243;][\/vc_column][vc_column width=&#8221;1\/2&#8243;][\/vc_column][\/vc_row][vc_row][vc_column width=&#8221;1\/2&#8243;][\/vc_column][vc_column width=&#8221;1\/2&#8243;][\/vc_column][\/vc_row][vc_row][vc_column width=&#8221;1\/2&#8243;][\/vc_column][vc_column width=&#8221;1\/2&#8243;][\/vc_column][\/vc_row][vc_row][vc_column width=&#8221;1\/2&#8243;][\/vc_column][vc_column width=&#8221;1\/2&#8243;][\/vc_column][\/vc_row][vc_row][vc_column width=&#8221;1\/2&#8243;][\/vc_column][vc_column width=&#8221;1\/2&#8243;][\/vc_column][\/vc_row][vc_row css=&#8221;.vc_custom_1632666665430{background-color: #ffffff !important;}&#8221;][vc_column width=&#8221;1\/2&#8243; css=&#8221;.vc_custom_1632666576403{background-color: #ffffff !important;}&#8221;][\/vc_column][vc_column width=&#8221;1\/2&#8243; css=&#8221;.vc_custom_1632666693807{background-color: #ffffff !important;}&#8221;][\/vc_column][\/vc_row]<\/p>\n","protected":false},"author":1,"featured_media":0,"parent":0,"menu_order":0,"comment_status":"closed","ping_status":"closed","template":"","meta":{"_joinchat":[],"footnotes":""},"class_list":["post-4056","page","type-page","status-publish","hentry"],"yoast_head":"<!-- This site is optimized with the Yoast SEO plugin v26.6 - https:\/\/yoast.com\/wordpress\/plugins\/seo\/ -->\n<title>Our story - G\u00fcndo\u011fdu K\u00f6ken<\/title>\n<meta name=\"description\" content=\"Our story that has been operating since 1951 in the production of olive oil in G\u00fcndo\u011fdu Village, 20 kilometers from Bursa.\" \/>\n<meta name=\"robots\" content=\"index, follow, max-snippet:-1, max-image-preview:large, max-video-preview:-1\" \/>\n<link rel=\"canonical\" href=\"https:\/\/www.gundogdukoken.com\/en\/our-story\/\" \/>\n<meta property=\"og:locale\" content=\"en_US\" \/>\n<meta property=\"og:type\" content=\"article\" \/>\n<meta property=\"og:title\" content=\"Our story - G\u00fcndo\u011fdu K\u00f6ken\" \/>\n<meta property=\"og:description\" content=\"Our story that has been operating since 1951 in the production of olive oil in G\u00fcndo\u011fdu Village, 20 kilometers from Bursa.\" \/>\n<meta property=\"og:url\" content=\"https:\/\/www.gundogdukoken.com\/en\/our-story\/\" \/>\n<meta property=\"og:site_name\" content=\"G\u00fcndo\u011fdu K\u00f6ken\" \/>\n<meta property=\"article:modified_time\" content=\"2022-01-05T14:39:10+00:00\" \/>\n<meta name=\"twitter:card\" content=\"summary_large_image\" \/>\n<meta name=\"twitter:label1\" content=\"Est. reading time\" \/>\n\t<meta name=\"twitter:data1\" content=\"3 minutes\" \/>\n<script type=\"application\/ld+json\" class=\"yoast-schema-graph\">{\"@context\":\"https:\/\/schema.org\",\"@graph\":[{\"@type\":\"WebPage\",\"@id\":\"https:\/\/www.gundogdukoken.com\/en\/our-story\/\",\"url\":\"https:\/\/www.gundogdukoken.com\/en\/our-story\/\",\"name\":\"Our story - G\u00fcndo\u011fdu K\u00f6ken\",\"isPartOf\":{\"@id\":\"https:\/\/www.gundogdukoken.com\/#website\"},\"datePublished\":\"2022-01-04T14:32:18+00:00\",\"dateModified\":\"2022-01-05T14:39:10+00:00\",\"description\":\"Our story that has been operating since 1951 in the production of olive oil in G\u00fcndo\u011fdu Village, 20 kilometers from Bursa.\",\"breadcrumb\":{\"@id\":\"https:\/\/www.gundogdukoken.com\/en\/our-story\/#breadcrumb\"},\"inLanguage\":\"en-US\",\"potentialAction\":[{\"@type\":\"ReadAction\",\"target\":[\"https:\/\/www.gundogdukoken.com\/en\/our-story\/\"]}]},{\"@type\":\"BreadcrumbList\",\"@id\":\"https:\/\/www.gundogdukoken.com\/en\/our-story\/#breadcrumb\",\"itemListElement\":[{\"@type\":\"ListItem\",\"position\":1,\"name\":\"Anasayfa\",\"item\":\"https:\/\/www.gundogdukoken.com\/en\/\"},{\"@type\":\"ListItem\",\"position\":2,\"name\":\"Our story\"}]},{\"@type\":\"WebSite\",\"@id\":\"https:\/\/www.gundogdukoken.com\/#website\",\"url\":\"https:\/\/www.gundogdukoken.com\/\",\"name\":\"G\u00fcndo\u011fdu K\u00f6ken\",\"description\":\"Naturel S\u0131zma Zeytinya\u011f\u0131\",\"publisher\":{\"@id\":\"https:\/\/www.gundogdukoken.com\/#organization\"},\"potentialAction\":[{\"@type\":\"SearchAction\",\"target\":{\"@type\":\"EntryPoint\",\"urlTemplate\":\"https:\/\/www.gundogdukoken.com\/?s={search_term_string}\"},\"query-input\":{\"@type\":\"PropertyValueSpecification\",\"valueRequired\":true,\"valueName\":\"search_term_string\"}}],\"inLanguage\":\"en-US\"},{\"@type\":\"Organization\",\"@id\":\"https:\/\/www.gundogdukoken.com\/#organization\",\"name\":\"G\u00fcndo\u011fdu K\u00f6ken\",\"url\":\"https:\/\/www.gundogdukoken.com\/\",\"logo\":{\"@type\":\"ImageObject\",\"inLanguage\":\"en-US\",\"@id\":\"https:\/\/www.gundogdukoken.com\/#\/schema\/logo\/image\/\",\"url\":\"https:\/\/www.gundogdukoken.com\/wp-content\/uploads\/2021\/09\/Gundogdu-Koken-Logo-1000x388-1.png\",\"contentUrl\":\"https:\/\/www.gundogdukoken.com\/wp-content\/uploads\/2021\/09\/Gundogdu-Koken-Logo-1000x388-1.png\",\"width\":1000,\"height\":388,\"caption\":\"G\u00fcndo\u011fdu K\u00f6ken\"},\"image\":{\"@id\":\"https:\/\/www.gundogdukoken.com\/#\/schema\/logo\/image\/\"}}]}<\/script>\n<!-- \/ Yoast SEO plugin. -->","yoast_head_json":{"title":"Our story - G\u00fcndo\u011fdu K\u00f6ken","description":"Our story that has been operating since 1951 in the production of olive oil in G\u00fcndo\u011fdu Village, 20 kilometers from Bursa.","robots":{"index":"index","follow":"follow","max-snippet":"max-snippet:-1","max-image-preview":"max-image-preview:large","max-video-preview":"max-video-preview:-1"},"canonical":"https:\/\/www.gundogdukoken.com\/en\/our-story\/","og_locale":"en_US","og_type":"article","og_title":"Our story - G\u00fcndo\u011fdu K\u00f6ken","og_description":"Our story that has been operating since 1951 in the production of olive oil in G\u00fcndo\u011fdu Village, 20 kilometers from Bursa.","og_url":"https:\/\/www.gundogdukoken.com\/en\/our-story\/","og_site_name":"G\u00fcndo\u011fdu K\u00f6ken","article_modified_time":"2022-01-05T14:39:10+00:00","twitter_card":"summary_large_image","twitter_misc":{"Est. reading time":"3 minutes"},"schema":{"@context":"https:\/\/schema.org","@graph":[{"@type":"WebPage","@id":"https:\/\/www.gundogdukoken.com\/en\/our-story\/","url":"https:\/\/www.gundogdukoken.com\/en\/our-story\/","name":"Our story - G\u00fcndo\u011fdu K\u00f6ken","isPartOf":{"@id":"https:\/\/www.gundogdukoken.com\/#website"},"datePublished":"2022-01-04T14:32:18+00:00","dateModified":"2022-01-05T14:39:10+00:00","description":"Our story that has been operating since 1951 in the production of olive oil in G\u00fcndo\u011fdu Village, 20 kilometers from Bursa.","breadcrumb":{"@id":"https:\/\/www.gundogdukoken.com\/en\/our-story\/#breadcrumb"},"inLanguage":"en-US","potentialAction":[{"@type":"ReadAction","target":["https:\/\/www.gundogdukoken.com\/en\/our-story\/"]}]},{"@type":"BreadcrumbList","@id":"https:\/\/www.gundogdukoken.com\/en\/our-story\/#breadcrumb","itemListElement":[{"@type":"ListItem","position":1,"name":"Anasayfa","item":"https:\/\/www.gundogdukoken.com\/en\/"},{"@type":"ListItem","position":2,"name":"Our story"}]},{"@type":"WebSite","@id":"https:\/\/www.gundogdukoken.com\/#website","url":"https:\/\/www.gundogdukoken.com\/","name":"G\u00fcndo\u011fdu K\u00f6ken","description":"Naturel S\u0131zma Zeytinya\u011f\u0131","publisher":{"@id":"https:\/\/www.gundogdukoken.com\/#organization"},"potentialAction":[{"@type":"SearchAction","target":{"@type":"EntryPoint","urlTemplate":"https:\/\/www.gundogdukoken.com\/?s={search_term_string}"},"query-input":{"@type":"PropertyValueSpecification","valueRequired":true,"valueName":"search_term_string"}}],"inLanguage":"en-US"},{"@type":"Organization","@id":"https:\/\/www.gundogdukoken.com\/#organization","name":"G\u00fcndo\u011fdu K\u00f6ken","url":"https:\/\/www.gundogdukoken.com\/","logo":{"@type":"ImageObject","inLanguage":"en-US","@id":"https:\/\/www.gundogdukoken.com\/#\/schema\/logo\/image\/","url":"https:\/\/www.gundogdukoken.com\/wp-content\/uploads\/2021\/09\/Gundogdu-Koken-Logo-1000x388-1.png","contentUrl":"https:\/\/www.gundogdukoken.com\/wp-content\/uploads\/2021\/09\/Gundogdu-Koken-Logo-1000x388-1.png","width":1000,"height":388,"caption":"G\u00fcndo\u011fdu K\u00f6ken"},"image":{"@id":"https:\/\/www.gundogdukoken.com\/#\/schema\/logo\/image\/"}}]}},"_links":{"self":[{"href":"https:\/\/www.gundogdukoken.com\/en\/wp-json\/wp\/v2\/pages\/4056","targetHints":{"allow":["GET"]}}],"collection":[{"href":"https:\/\/www.gundogdukoken.com\/en\/wp-json\/wp\/v2\/pages"}],"about":[{"href":"https:\/\/www.gundogdukoken.com\/en\/wp-json\/wp\/v2\/types\/page"}],"author":[{"embeddable":true,"href":"https:\/\/www.gundogdukoken.com\/en\/wp-json\/wp\/v2\/users\/1"}],"replies":[{"embeddable":true,"href":"https:\/\/www.gundogdukoken.com\/en\/wp-json\/wp\/v2\/comments?post=4056"}],"version-history":[{"count":0,"href":"https:\/\/www.gundogdukoken.com\/en\/wp-json\/wp\/v2\/pages\/4056\/revisions"}],"wp:attachment":[{"href":"https:\/\/www.gundogdukoken.com\/en\/wp-json\/wp\/v2\/media?parent=4056"}],"curies":[{"name":"wp","href":"https:\/\/api.w.org\/{rel}","templated":true}]}}